{"id":982,"date":"2023-10-03T23:35:39","date_gmt":"2023-10-03T21:35:39","guid":{"rendered":"https:\/\/prawodronow.pl\/?page_id=982"},"modified":"2023-10-06T00:04:20","modified_gmt":"2023-10-05T22:04:20","slug":"sora-2-5-new-assumptions-for-changes-in-the-definitional-scope","status":"publish","type":"page","link":"https:\/\/prawodronow.pl\/en\/drone-law\/sora-2-5-new-assumptions-for-changes-in-the-definitional-scope\/","title":{"rendered":"SORA 2.5 (new) &#8211; assumptions for changes in the definitional scope"},"content":{"rendered":"\n<p>The procedure for carrying out the SORA analysis is changing. On 8 November 2022. JARUS published a series of documents proposing changes to the adopted SORA methodology. These were subject to external consultation and comments could be submitted until March 2023. The new SORA, i.e. SORA 2.5, differs mainly in the methods of adjacent area assessment and airspace risk assessment. This paper, which is an introduction to the analysis of the solutions introduced in the so-called &#8220;new SORA&#8221;, focuses on the changes in terms of definitions and abbreviations used, as contained in Annex I &#8211; Glossary of Terms.The proposals for changes to Annex I &#8211; Glossary of Terms &#8211; submitted for consultation under SORA 2.5 (dated November 2022) are relatively comprehensive and include both new, relative to SORA 2.0, terms to be defined and the amendment of terms contained in SORA 2.0. The document notes that this glossary is intended to assist applicants in using the SORA guidelines. The definitions represent meanings recognised by the majority of the JARUS WG SRM team, but do not reflect the views of national authorities as to their meaning. At the same time, where possible, definitions have been based on those used in ICAO and other NAA regulatory material.New to the previous document is the introduction of a list of abbreviations used in particular in unmanned aviation and specific to it. This list is presented below, but no translation has been made &#8211; in most cases, the abbreviations and terms themselves are commonly used and understood in the aviation community, without the need for translation into Polish.<\/p>\n\n\n\n<p>-AEC \u00a0\u00a0\u00a0\u00a0\u00a0\u00a0 airspace encounter category<\/p>\n\n\n\n<p>-AEH \u00a0\u00a0\u00a0\u00a0\u00a0 airborne electronic hardware<\/p>\n\n\n\n<p>-AIP \u00a0\u00a0\u00a0\u00a0\u00a0\u00a0\u00a0 aeronautical information publication<\/p>\n\n\n\n<p>-ANSP \u00a0\u00a0\u00a0 air navigation service provider<\/p>\n\n\n\n<p>-ARC \u00a0\u00a0\u00a0\u00a0\u00a0 air risk class<\/p>\n\n\n\n<p>-AGL \u00a0\u00a0\u00a0\u00a0\u00a0\u00a0 above ground level<\/p>\n\n\n\n<p>-AMC \u00a0\u00a0\u00a0\u00a0 acceptable means of compliance<\/p>\n\n\n\n<p>-AO \u00a0\u00a0\u00a0\u00a0\u00a0\u00a0\u00a0 airspace observer<\/p>\n\n\n\n<p>-ATC \u00a0\u00a0\u00a0\u00a0\u00a0\u00a0 air traffic control<\/p>\n\n\n\n<p>-ATZ \u00a0\u00a0\u00a0\u00a0\u00a0\u00a0 aerodrome traffic zone<\/p>\n\n\n\n<p>-BVLOS \u00a0 beyond visual line of sight<\/p>\n\n\n\n<p>-C2 \u00a0\u00a0\u00a0\u00a0\u00a0\u00a0\u00a0\u00a0 command and control<\/p>\n\n\n\n<p>-C3 \u00a0\u00a0\u00a0\u00a0\u00a0\u00a0\u00a0\u00a0 command, control and communication<\/p>\n\n\n\n<p>-COTS \u00a0\u00a0\u00a0 commercial-off-the-shelf<\/p>\n\n\n\n<p>-CRM \u00a0\u00a0\u00a0\u00a0 crew resource management<\/p>\n\n\n\n<p>-DAA \u00a0\u00a0\u00a0\u00a0\u00a0 detect and avoid<\/p>\n\n\n\n<p>-ERP \u00a0\u00a0\u00a0\u00a0\u00a0\u00a0 emergency response plan<\/p>\n\n\n\n<p>-EVLOS \u00a0\u00a0 extended visual line of sight<\/p>\n\n\n\n<p>-FHSS \u00a0\u00a0\u00a0\u00a0 frequency-hopping spread spectrum<\/p>\n\n\n\n<p>-FTS \u00a0\u00a0\u00a0\u00a0\u00a0\u00a0 flight termination system<\/p>\n\n\n\n<p>-GRC \u00a0\u00a0\u00a0\u00a0\u00a0 ground risk class<\/p>\n\n\n\n<p>-GM \u00a0\u00a0\u00a0\u00a0\u00a0\u00a0 guidance material<\/p>\n\n\n\n<p>-GNSS \u00a0\u00a0\u00a0 global navigation satellite system<\/p>\n\n\n\n<p>-HMI \u00a0\u00a0\u00a0\u00a0\u00a0 human machine interface<\/p>\n\n\n\n<p>-HF \u00a0\u00a0\u00a0\u00a0\u00a0\u00a0\u00a0\u00a0 human factors<\/p>\n\n\n\n<p>-IARC\u00a0\u00a0\u00a0\u00a0 initial air risk class<\/p>\n\n\n\n<p>-ICAO \u00a0\u00a0\u00a0\u00a0 international civil aviation organisation<\/p>\n\n\n\n<p>-IGRC\u00a0\u00a0\u00a0\u00a0 intrinsic ground risk class<\/p>\n\n\n\n<p>-ISM \u00a0\u00a0\u00a0\u00a0\u00a0\u00a0 industrial, scientific and medical<\/p>\n\n\n\n<p>-JARUS \u00a0\u00a0 joint authorities for rulemaking on unmanned systems<\/p>\n\n\n\n<p>-METAR aviation routine weather report (in (aeronautical) meteorological code)<\/p>\n\n\n\n<p>-MCC \u00a0\u00a0\u00a0\u00a0 multi-crew cooperation<\/p>\n\n\n\n<p>-MTOM \u00a0 maximum take-off mass<\/p>\n\n\n\n<p>-NAA \u00a0\u00a0\u00a0\u00a0\u00a0 national aviation authority<\/p>\n\n\n\n<p>-OM \u00a0\u00a0\u00a0\u00a0\u00a0\u00a0 operations manual<\/p>\n\n\n\n<p>-OSO \u00a0\u00a0\u00a0\u00a0\u00a0 operational safety objective<\/p>\n\n\n\n<p>-PDRA \u00a0\u00a0\u00a0 predefined risk assessment<\/p>\n\n\n\n<p>-RCM \u00a0\u00a0\u00a0\u00a0 remote crew member<\/p>\n\n\n\n<p>-RCP \u00a0\u00a0\u00a0\u00a0\u00a0\u00a0 required communication performance<\/p>\n\n\n\n<p>-RF \u00a0\u00a0\u00a0\u00a0\u00a0\u00a0\u00a0\u00a0 radio frequency<\/p>\n\n\n\n<p>-RLP \u00a0\u00a0\u00a0\u00a0\u00a0\u00a0 required C2 link performance<\/p>\n\n\n\n<p>-RP \u00a0\u00a0\u00a0\u00a0\u00a0\u00a0\u00a0\u00a0 remote control<\/p>\n\n\n\n<p>-SAA \u00a0\u00a0\u00a0\u00a0\u00a0\u00a0 sense and avoid<\/p>\n\n\n\n<p>-SAIL \u00a0\u00a0\u00a0\u00a0\u00a0 specific assurance and integrity level<\/p>\n\n\n\n<p>-SLA \u00a0\u00a0\u00a0\u00a0\u00a0\u00a0 service-level agreement<\/p>\n\n\n\n<p>-SMS \u00a0\u00a0\u00a0\u00a0\u00a0 safety management system<\/p>\n\n\n\n<p>-SOP \u00a0\u00a0\u00a0\u00a0\u00a0\u00a0 standard operating procedure<\/p>\n\n\n\n<p>-SORA \u00a0\u00a0\u00a0 specific operations risk assessment<\/p>\n\n\n\n<p>-STS \u00a0\u00a0\u00a0\u00a0\u00a0\u00a0 standard scenario<\/p>\n\n\n\n<p>-SW \u00a0\u00a0\u00a0\u00a0\u00a0\u00a0\u00a0 software<\/p>\n\n\n\n<p>-S&amp;A \u00a0\u00a0\u00a0\u00a0\u00a0 see and avoid<\/p>\n\n\n\n<p>-TCAS \u00a0\u00a0\u00a0\u00a0 traffic collision avoidance system<\/p>\n\n\n\n<p>-TLOS \u00a0\u00a0\u00a0\u00a0 target level of safety<\/p>\n\n\n\n<p>-TMPR \u00a0\u00a0 tactical mitigation performance requirement<\/p>\n\n\n\n<p>-UA \u00a0\u00a0\u00a0\u00a0\u00a0\u00a0\u00a0 unmanned aircraft<\/p>\n\n\n\n<p>-UAS \u00a0\u00a0\u00a0\u00a0\u00a0 unmanned aircraft system<\/p>\n\n\n\n<p>-UTM \u00a0\u00a0\u00a0\u00a0 UAS traffic management<\/p>\n\n\n\n<p>-VHL \u00a0\u00a0\u00a0\u00a0\u00a0\u00a0 very high level airspace<\/p>\n\n\n\n<p>-VLL \u00a0\u00a0\u00a0\u00a0\u00a0\u00a0 very low level<\/p>\n\n\n\n<p>-VLOS \u00a0\u00a0\u00a0\u00a0 visual line of sigh<\/p>\n\n\n\n<p>Annex I contains a list of approximately 150 terms (their acronyms, if any) with their definition or description. The focus of this paper is on those introduced in Annex I of SORA 2.5 (relative to version 2.0), either the definition of the term has changed or the term is of fundamental importance in unmanned aviation law.<\/p>\n\n\n\n<p>Among the definitions introduced in the SORA 2.5 proposal is that of an airspace observer (AO), i.e. a person who assists the pilot of an unmanned aircraft by performing unassisted observation (scanning) of the airspace in which the unmanned aircraft is operating in order to identify potential hazards in the air.<\/p>\n\n\n\n<p>A new definition is Adjacent airspace, which is defined by reference to the relevant provisions of the Main Document &#8211; This is the airspace adjacent to the operational airspace, as defined in paragraph 1.4 of the Main Body. Similarly, Adjacent ground area (Adjacent ground area &#8211; The ground area adjacent to the ground risk buffer) and Ground risk buffer (Ground risk buffer &#8211; An area on the surface of the earth, which surrounds the footprint of the contingency volume and that is specified in order to minimise the risk to third parties on the ground in the event of the UA leaving the contingency volume) are defined by reference to clause 1.4 of the Main Document.<\/p>\n\n\n\n<p>What is new is the introduction of a definition of a congregation of persons &#8211; a concept that is extremely important in the context of flight operations based on European regulations for unmanned aircraft operations. According to SORA 2.5, a congregation of persons is an area from which persons cannot quickly move away in the event of a potential failure of an unmanned aircraft, due to the density of persons. Leaving aside the logical flaws of this definition, the standardisation coincides with European legislation. Indeed, the provision of Article 2(3) of Implementing Regulation 2019\/947 defines the concept of a gathering of persons &#8211; these are those gatherings where the density of persons present prevents them from moving. This concept should therefore not be directly equated with an assembly within the meaning of the Act of 24.07.2015. &#8211; Law on Assemblies nor with a mass event within the meaning of the provisions of the Law of 20.03.2009 on Security of Mass Events. It should be emphasised that an assembly of persons within the meaning of the above-mentioned provision of Executive Order 2019\/947 may also mean a small number of persons, however, being in such a place where free movement is prevented, e.g. due to obstacles in the form of walls of buildings, fences, a busy roadway, etc.<\/p>\n\n\n\n<p>A newly introduced concept in SORA 2.5 is the maximum take-off mass (MTOM), i.e. the maximum weight of an aircraft, including payload and fuel, specified by the manufacturer or constructor, at which the aircraft can be operated, which is only defined in the document under review. Due to the universality and comprehensibility of this concept, SORA 2.5 has an ordering value in this respect.<\/p>\n\n\n\n<p>One of the revised definitions is the concept of accident (accident). In SORA 2.0, an accident was defined as an unplanned event or series of events resulting in death, injury or damage to or loss of equipment or property. The new SORA 2.5 defines accident more broadly by relating the scope of meaning to the definition of an aircraft accident set out in Article 2(1) of Regulation (EU) No 996\/2010 of the European Parliament and of the Council of 20 October 2010 on the investigation and prevention of accidents and incidents in civil aviation and repealing Directive 94\/56\/EC. The European definition states that an &#8216;accident&#8217; means an occurrence associated with the operation of an aircraft which, in the case of a manned aircraft, takes place from the moment any person boards the aircraft with the intention of flying until such time as the persons disembark, or, in the case of an unmanned aircraft, takes place from the moment the aircraft is ready to move for the purpose of flight until it comes to a stop at the end of the flight and the propulsion system is shut down, in which: (a) a person on board the aircraft suffers death or serious injury as a result of being on board the aircraft, or direct contact with any part of the aircraft, including parts that have been detached from the aircraft, or the direct action of the aircraft engine blast, except when the injury is due to natural causes, self-inflicted or inflicted by other persons, or when the person is injured while hiding outside areas normally accessible to passengers or crew members; or (b) the aircraft sustains damage or structural failure which adversely affects the structural strength, performance or controllability of the aircraft, and would normally require major repair or replacement of the affected component, except for engine failure or damage, when the damage is limited to the engine itself (including its cowlings or accessories), propellers, wingtips, antennas, probes, blades, tyres, brakes, wheels, fairings, panels, landing gear flaps, wipers, aircraft skin (such as small dents or holes) or minor damage to the lifting rotor blades, tail rotor blades, landing gear and those caused by hail or bird strike (including holes in the radome antenna cover); or (c) the aircraft is missing or access to it is completely prevented. Minor language modifications have been made to the definition of an accident in the new SORA due to the peculiarities of unmanned aviation, but the premise of the definition and its material scope remain essentially the same.<\/p>\n\n\n\n<p>An extended definition in the new SORA is the concept of emergency procedures, understood as a planned course of action developed by the operator of an unmanned aircraft to respond effectively to an emergency. They refer to the control of the aircraft to return to a state where the operation is under control, or to minimise hazards until the flight is completed. Emergency procedures include actions performed by the pilot of the unmanned aircraft or by the aircraft.<\/p>\n\n\n\n<p>It should be noted that SORA 2.5 refers more often than SORA 2.0 to the content of the Main Body in terms of definitions. As an example, concepts related to the application procedure for an operating authorisation of an aeronautical authority are directly referred to in the Main Body, e.g. for the definition of applicant, Competent Authority or Competent Third Party.<\/p>\n","protected":false},"excerpt":{"rendered":"<p>The procedure for carrying out the SORA analysis is changing. On 8 November 2022. JARUS published&#8230;<\/p>\n","protected":false},"author":4,"featured_media":0,"parent":75,"menu_order":-12,"comment_status":"closed","ping_status":"closed","template":"","meta":{"_acf_changed":false,"footnotes":""},"class_list":["post-982","page","type-page","status-publish","hentry"],"acf":[],"yoast_head":"<!-- This site is optimized with the Yoast SEO plugin v23.3 - https:\/\/yoast.com\/wordpress\/plugins\/seo\/ -->\n<title>SORA 2.5 (new) - assumptions for changes in the definitional scope - Prawo nowych technologii - drony, elektromobilno\u015b\u0107.<\/title>\n<meta name=\"robots\" content=\"index, follow, max-snippet:-1, max-image-preview:large, max-video-preview:-1\" \/>\n<link rel=\"canonical\" href=\"https:\/\/prawodronow.pl\/en\/drone-law\/sora-2-5-new-assumptions-for-changes-in-the-definitional-scope\/\" \/>\n<meta property=\"og:locale\" content=\"en_US\" \/>\n<meta property=\"og:type\" content=\"article\" \/>\n<meta property=\"og:title\" content=\"SORA 2.5 (new) - assumptions for changes in the definitional scope - Prawo nowych technologii - drony, elektromobilno\u015b\u0107.\" \/>\n<meta property=\"og:description\" content=\"The procedure for carrying out the SORA analysis is changing. On 8 November 2022. JARUS published...\" \/>\n<meta property=\"og:url\" content=\"https:\/\/prawodronow.pl\/en\/drone-law\/sora-2-5-new-assumptions-for-changes-in-the-definitional-scope\/\" \/>\n<meta property=\"og:site_name\" content=\"Prawo nowych technologii - drony, elektromobilno\u015b\u0107.\" \/>\n<meta property=\"article:modified_time\" content=\"2023-10-05T22:04:20+00:00\" \/>\n<meta name=\"twitter:card\" content=\"summary_large_image\" \/>\n<meta name=\"twitter:label1\" content=\"Est. reading time\" \/>\n\t<meta name=\"twitter:data1\" content=\"8 minutes\" \/>\n<script type=\"application\/ld+json\" class=\"yoast-schema-graph\">{\"@context\":\"https:\/\/schema.org\",\"@graph\":[{\"@type\":\"WebPage\",\"@id\":\"https:\/\/prawodronow.pl\/en\/drone-law\/sora-2-5-new-assumptions-for-changes-in-the-definitional-scope\/\",\"url\":\"https:\/\/prawodronow.pl\/en\/drone-law\/sora-2-5-new-assumptions-for-changes-in-the-definitional-scope\/\",\"name\":\"SORA 2.5 (new) - assumptions for changes in the definitional scope - Prawo nowych technologii - drony, elektromobilno\u015b\u0107.\",\"isPartOf\":{\"@id\":\"https:\/\/prawodronow.pl\/#website\"},\"datePublished\":\"2023-10-03T21:35:39+00:00\",\"dateModified\":\"2023-10-05T22:04:20+00:00\",\"breadcrumb\":{\"@id\":\"https:\/\/prawodronow.pl\/en\/drone-law\/sora-2-5-new-assumptions-for-changes-in-the-definitional-scope\/#breadcrumb\"},\"inLanguage\":\"en-US\",\"potentialAction\":[{\"@type\":\"ReadAction\",\"target\":[\"https:\/\/prawodronow.pl\/en\/drone-law\/sora-2-5-new-assumptions-for-changes-in-the-definitional-scope\/\"]}]},{\"@type\":\"BreadcrumbList\",\"@id\":\"https:\/\/prawodronow.pl\/en\/drone-law\/sora-2-5-new-assumptions-for-changes-in-the-definitional-scope\/#breadcrumb\",\"itemListElement\":[{\"@type\":\"ListItem\",\"position\":1,\"name\":\"Home\",\"item\":\"https:\/\/prawodronow.pl\/en\/\"},{\"@type\":\"ListItem\",\"position\":2,\"name\":\"Drone law\",\"item\":\"https:\/\/prawodronow.pl\/en\/drone-law\/\"},{\"@type\":\"ListItem\",\"position\":3,\"name\":\"SORA 2.5 (new) &#8211; assumptions for changes in the definitional scope\"}]},{\"@type\":\"WebSite\",\"@id\":\"https:\/\/prawodronow.pl\/#website\",\"url\":\"https:\/\/prawodronow.pl\/\",\"name\":\"Prawo nowych technologii - drony, elektromobilno\u015b\u0107.\",\"description\":\"Innowacja, rozw\u00f3j, bezpiecze\u0144stwo.\",\"potentialAction\":[{\"@type\":\"SearchAction\",\"target\":{\"@type\":\"EntryPoint\",\"urlTemplate\":\"https:\/\/prawodronow.pl\/?s={search_term_string}\"},\"query-input\":\"required name=search_term_string\"}],\"inLanguage\":\"en-US\"}]}<\/script>\n<!-- \/ Yoast SEO plugin. -->","yoast_head_json":{"title":"SORA 2.5 (new) - assumptions for changes in the definitional scope - Prawo nowych technologii - drony, elektromobilno\u015b\u0107.","robots":{"index":"index","follow":"follow","max-snippet":"max-snippet:-1","max-image-preview":"max-image-preview:large","max-video-preview":"max-video-preview:-1"},"canonical":"https:\/\/prawodronow.pl\/en\/drone-law\/sora-2-5-new-assumptions-for-changes-in-the-definitional-scope\/","og_locale":"en_US","og_type":"article","og_title":"SORA 2.5 (new) - assumptions for changes in the definitional scope - Prawo nowych technologii - drony, elektromobilno\u015b\u0107.","og_description":"The procedure for carrying out the SORA analysis is changing. On 8 November 2022. JARUS published...","og_url":"https:\/\/prawodronow.pl\/en\/drone-law\/sora-2-5-new-assumptions-for-changes-in-the-definitional-scope\/","og_site_name":"Prawo nowych technologii - drony, elektromobilno\u015b\u0107.","article_modified_time":"2023-10-05T22:04:20+00:00","twitter_card":"summary_large_image","twitter_misc":{"Est. reading time":"8 minutes"},"schema":{"@context":"https:\/\/schema.org","@graph":[{"@type":"WebPage","@id":"https:\/\/prawodronow.pl\/en\/drone-law\/sora-2-5-new-assumptions-for-changes-in-the-definitional-scope\/","url":"https:\/\/prawodronow.pl\/en\/drone-law\/sora-2-5-new-assumptions-for-changes-in-the-definitional-scope\/","name":"SORA 2.5 (new) - assumptions for changes in the definitional scope - Prawo nowych technologii - drony, elektromobilno\u015b\u0107.","isPartOf":{"@id":"https:\/\/prawodronow.pl\/#website"},"datePublished":"2023-10-03T21:35:39+00:00","dateModified":"2023-10-05T22:04:20+00:00","breadcrumb":{"@id":"https:\/\/prawodronow.pl\/en\/drone-law\/sora-2-5-new-assumptions-for-changes-in-the-definitional-scope\/#breadcrumb"},"inLanguage":"en-US","potentialAction":[{"@type":"ReadAction","target":["https:\/\/prawodronow.pl\/en\/drone-law\/sora-2-5-new-assumptions-for-changes-in-the-definitional-scope\/"]}]},{"@type":"BreadcrumbList","@id":"https:\/\/prawodronow.pl\/en\/drone-law\/sora-2-5-new-assumptions-for-changes-in-the-definitional-scope\/#breadcrumb","itemListElement":[{"@type":"ListItem","position":1,"name":"Home","item":"https:\/\/prawodronow.pl\/en\/"},{"@type":"ListItem","position":2,"name":"Drone law","item":"https:\/\/prawodronow.pl\/en\/drone-law\/"},{"@type":"ListItem","position":3,"name":"SORA 2.5 (new) &#8211; assumptions for changes in the definitional scope"}]},{"@type":"WebSite","@id":"https:\/\/prawodronow.pl\/#website","url":"https:\/\/prawodronow.pl\/","name":"Prawo nowych technologii - drony, elektromobilno\u015b\u0107.","description":"Innowacja, rozw\u00f3j, bezpiecze\u0144stwo.","potentialAction":[{"@type":"SearchAction","target":{"@type":"EntryPoint","urlTemplate":"https:\/\/prawodronow.pl\/?s={search_term_string}"},"query-input":"required name=search_term_string"}],"inLanguage":"en-US"}]}},"_links":{"self":[{"href":"https:\/\/prawodronow.pl\/en\/wp-json\/wp\/v2\/pages\/982","targetHints":{"allow":["GET"]}}],"collection":[{"href":"https:\/\/prawodronow.pl\/en\/wp-json\/wp\/v2\/pages"}],"about":[{"href":"https:\/\/prawodronow.pl\/en\/wp-json\/wp\/v2\/types\/page"}],"author":[{"embeddable":true,"href":"https:\/\/prawodronow.pl\/en\/wp-json\/wp\/v2\/users\/4"}],"replies":[{"embeddable":true,"href":"https:\/\/prawodronow.pl\/en\/wp-json\/wp\/v2\/comments?post=982"}],"version-history":[{"count":1,"href":"https:\/\/prawodronow.pl\/en\/wp-json\/wp\/v2\/pages\/982\/revisions"}],"predecessor-version":[{"id":983,"href":"https:\/\/prawodronow.pl\/en\/wp-json\/wp\/v2\/pages\/982\/revisions\/983"}],"up":[{"embeddable":true,"href":"https:\/\/prawodronow.pl\/en\/wp-json\/wp\/v2\/pages\/75"}],"wp:attachment":[{"href":"https:\/\/prawodronow.pl\/en\/wp-json\/wp\/v2\/media?parent=982"}],"curies":[{"name":"wp","href":"https:\/\/api.w.org\/{rel}","templated":true}]}}