{"id":75,"date":"2022-06-14T14:15:21","date_gmt":"2022-06-14T12:15:21","guid":{"rendered":"https:\/\/prawodronow.pl\/prawo-dronow\/"},"modified":"2022-07-22T10:18:01","modified_gmt":"2022-07-22T08:18:01","slug":"drone-law","status":"publish","type":"page","link":"https:\/\/prawodronow.pl\/en\/drone-law\/","title":{"rendered":"Drone law"},"content":{"rendered":"","protected":false},"excerpt":{"rendered":"","protected":false},"author":1,"featured_media":0,"parent":0,"menu_order":0,"comment_status":"closed","ping_status":"closed","template":"page-law.php","meta":{"_acf_changed":false,"footnotes":""},"class_list":["post-75","page","type-page","status-publish","hentry"],"acf":[],"yoast_head":"<!-- This site is optimized with the Yoast SEO plugin v23.3 - https:\/\/yoast.com\/wordpress\/plugins\/seo\/ -->\n<title>Drone law - Prawo nowych technologii - drony, elektromobilno\u015b\u0107.<\/title>\n<meta name=\"robots\" content=\"index, follow, max-snippet:-1, max-image-preview:large, max-video-preview:-1\" \/>\n<link rel=\"canonical\" href=\"https:\/\/prawodronow.pl\/en\/drone-law\/\" \/>\n<meta property=\"og:locale\" content=\"en_US\" \/>\n<meta property=\"og:type\" content=\"article\" \/>\n<meta property=\"og:title\" content=\"Drone law - Prawo nowych technologii - drony, elektromobilno\u015b\u0107.\" \/>\n<meta property=\"og:url\" content=\"https:\/\/prawodronow.pl\/en\/drone-law\/\" \/>\n<meta property=\"og:site_name\" content=\"Prawo nowych technologii - drony, elektromobilno\u015b\u0107.\" \/>\n<meta property=\"article:modified_time\" content=\"2022-07-22T08:18:01+00:00\" \/>\n<meta name=\"twitter:card\" content=\"summary_large_image\" \/>\n<script type=\"application\/ld+json\" class=\"yoast-schema-graph\">{\"@context\":\"https:\/\/schema.org\",\"@graph\":[{\"@type\":\"WebPage\",\"@id\":\"https:\/\/prawodronow.pl\/en\/drone-law\/\",\"url\":\"https:\/\/prawodronow.pl\/en\/drone-law\/\",\"name\":\"Drone law - Prawo nowych technologii - drony, elektromobilno\u015b\u0107.\",\"isPartOf\":{\"@id\":\"https:\/\/prawodronow.pl\/#website\"},\"datePublished\":\"2022-06-14T12:15:21+00:00\",\"dateModified\":\"2022-07-22T08:18:01+00:00\",\"breadcrumb\":{\"@id\":\"https:\/\/prawodronow.pl\/en\/drone-law\/#breadcrumb\"},\"inLanguage\":\"en-US\",\"potentialAction\":[{\"@type\":\"ReadAction\",\"target\":[\"https:\/\/prawodronow.pl\/en\/drone-law\/\"]}]},{\"@type\":\"BreadcrumbList\",\"@id\":\"https:\/\/prawodronow.pl\/en\/drone-law\/#breadcrumb\",\"itemListElement\":[{\"@type\":\"ListItem\",\"position\":1,\"name\":\"Home\",\"item\":\"https:\/\/prawodronow.pl\/en\/\"},{\"@type\":\"ListItem\",\"position\":2,\"name\":\"Drone law\"}]},{\"@type\":\"WebSite\",\"@id\":\"https:\/\/prawodronow.pl\/#website\",\"url\":\"https:\/\/prawodronow.pl\/\",\"name\":\"Prawo nowych technologii - drony, elektromobilno\u015b\u0107.\",\"description\":\"Innowacja, rozw\u00f3j, bezpiecze\u0144stwo.\",\"potentialAction\":[{\"@type\":\"SearchAction\",\"target\":{\"@type\":\"EntryPoint\",\"urlTemplate\":\"https:\/\/prawodronow.pl\/?s={search_term_string}\"},\"query-input\":\"required name=search_term_string\"}],\"inLanguage\":\"en-US\"}]}<\/script>\n<!-- \/ Yoast SEO plugin. -->","yoast_head_json":{"title":"Drone law - Prawo nowych technologii - drony, elektromobilno\u015b\u0107.","robots":{"index":"index","follow":"follow","max-snippet":"max-snippet:-1","max-image-preview":"max-image-preview:large","max-video-preview":"max-video-preview:-1"},"canonical":"https:\/\/prawodronow.pl\/en\/drone-law\/","og_locale":"en_US","og_type":"article","og_title":"Drone law - Prawo nowych technologii - drony, elektromobilno\u015b\u0107.","og_url":"https:\/\/prawodronow.pl\/en\/drone-law\/","og_site_name":"Prawo nowych technologii - drony, elektromobilno\u015b\u0107.","article_modified_time":"2022-07-22T08:18:01+00:00","twitter_card":"summary_large_image","schema":{"@context":"https:\/\/schema.org","@graph":[{"@type":"WebPage","@id":"https:\/\/prawodronow.pl\/en\/drone-law\/","url":"https:\/\/prawodronow.pl\/en\/drone-law\/","name":"Drone law - Prawo nowych technologii - drony, elektromobilno\u015b\u0107.","isPartOf":{"@id":"https:\/\/prawodronow.pl\/#website"},"datePublished":"2022-06-14T12:15:21+00:00","dateModified":"2022-07-22T08:18:01+00:00","breadcrumb":{"@id":"https:\/\/prawodronow.pl\/en\/drone-law\/#breadcrumb"},"inLanguage":"en-US","potentialAction":[{"@type":"ReadAction","target":["https:\/\/prawodronow.pl\/en\/drone-law\/"]}]},{"@type":"BreadcrumbList","@id":"https:\/\/prawodronow.pl\/en\/drone-law\/#breadcrumb","itemListElement":[{"@type":"ListItem","position":1,"name":"Home","item":"https:\/\/prawodronow.pl\/en\/"},{"@type":"ListItem","position":2,"name":"Drone law"}]},{"@type":"WebSite","@id":"https:\/\/prawodronow.pl\/#website","url":"https:\/\/prawodronow.pl\/","name":"Prawo nowych technologii - drony, elektromobilno\u015b\u0107.","description":"Innowacja, rozw\u00f3j, bezpiecze\u0144stwo.","potentialAction":[{"@type":"SearchAction","target":{"@type":"EntryPoint","urlTemplate":"https:\/\/prawodronow.pl\/?s={search_term_string}"},"query-input":"required name=search_term_string"}],"inLanguage":"en-US"}]}},"_links":{"self":[{"href":"https:\/\/prawodronow.pl\/en\/wp-json\/wp\/v2\/pages\/75","targetHints":{"allow":["GET"]}}],"collection":[{"href":"https:\/\/prawodronow.pl\/en\/wp-json\/wp\/v2\/pages"}],"about":[{"href":"https:\/\/prawodronow.pl\/en\/wp-json\/wp\/v2\/types\/page"}],"author":[{"embeddable":true,"href":"https:\/\/prawodronow.pl\/en\/wp-json\/wp\/v2\/users\/1"}],"replies":[{"embeddable":true,"href":"https:\/\/prawodronow.pl\/en\/wp-json\/wp\/v2\/comments?post=75"}],"version-history":[{"count":4,"href":"https:\/\/prawodronow.pl\/en\/wp-json\/wp\/v2\/pages\/75\/revisions"}],"predecessor-version":[{"id":235,"href":"https:\/\/prawodronow.pl\/en\/wp-json\/wp\/v2\/pages\/75\/revisions\/235"}],"wp:attachment":[{"href":"https:\/\/prawodronow.pl\/en\/wp-json\/wp\/v2\/media?parent=75"}],"curies":[{"name":"wp","href":"https:\/\/api.w.org\/{rel}","templated":true}]}}