{"id":72,"date":"2022-06-14T14:14:48","date_gmt":"2022-06-14T12:14:48","guid":{"rendered":"https:\/\/prawodronow.pl\/o-projekcie\/"},"modified":"2024-09-30T21:39:06","modified_gmt":"2024-09-30T19:39:06","slug":"about-the-project","status":"publish","type":"page","link":"https:\/\/prawodronow.pl\/en\/about-the-project\/","title":{"rendered":"About the project"},"content":{"rendered":"\n<p>On 3 July 2019, the Minister of Science and Higher Education established the \u201cSocial Responsibility of Science\u201d programme. The aim of the programme is to assist institutions of the higher education and scientific system and other bodies involved in the dissemination of science in carrying out projects for the dissemination of science or the promotion of academic sport, as well as projects for the preservation of library holdings essential to science or the scientific heritage. Under the programme, Cardinal Stefan Wyszy\u0144ski University received financial support from the Ministry for the implementation of this project. The project manager is Maciej Szmigiero, PhD in law, attorney at law.<\/p>\n\n\n\n<p>The project \u201cThe Law of New Technologies \u2013 Drones, Electromobility. Innovation, Development and Security\u201d is a response to society\u2019s growing demand for ways of acquiring knowledge of the law of new technologies. In recent years, the spread of drones and ground-based electric vehicles has accelerated rapidly, and in the reality around us, we are seeing more and more use of high-tech devices. Once reserved exclusively for the military industry, unmanned aircraft are now conquering civilian markets in different countries and gaining a large fan base around the world. The catalogue of applications for these devices is growing year by year as further studies are being carried out on the subject.<\/p>\n\n\n\n<h2 class=\"wp-block-heading\">What is the aim of the project?<\/h2>\n\n\n\n<p>The aim of the project is to promote scientific research in Poland in the field of the law of new technologies among the national and foreign (English-speaking) public by acquiring knowledge of the legal regulations for unmanned aerial vehicles \u2013 drones \u2013 in particular their operation, their design, the obligations of operators and pilots, as well as the obligations of public actors in the field. Electromobility and the mechanisms to support its users.<\/p>\n\n\n\n<h2 class=\"wp-block-heading\">Which tasks are fulfilled?<\/h2>\n\n\n\n<p>The main task of the project is to inform different groups of the population about new technologies, with a focus on legal issues.<\/p>\n\n\n\n<h2 class=\"wp-block-heading\">What are the target groups of the project?<\/h2>\n\n\n\n<p>The project is aimed both at people with extensive experience in the field of new technologies who want to expand or consolidate their knowledge, and at people who are completely independent of them and who want to learn about unmanned aerial vehicles, electromobility and advanced industry in its broadest sense.<\/p>\n\n\n\n<h2 class=\"wp-block-heading\">What will be the impact of the project?<\/h2>\n\n\n\n<p>The project will lead society to learn more about the law of new technologies in a broader sense. The workshops, the website and other scientific dissemination activities are intended to raise awareness among Polish and foreign customers about the existence of legal regulations for unmanned aircraft and electromobility, among others.<\/p>\n\n\n\n<h2 class=\"wp-block-heading\">About the authors<\/h2>\n\n\n\n<p><strong>dr Maciej Szmigiero, attorney at law<\/strong> &#8211; long-time university lecturer and civil servant; currently adjunct professor at the Chair of Administrative Law and Local Self-Government at Cardinal Stefan Wyszynski University in Warsaw; in previous years, director of the Legal Department of the Ministry of Finance, expert of the Polish Air Navigation Services Agency, director of the Legislative Department of the Ministry of Finance; author of numerous publications on administrative law and new technology law, including co-author of Europe&#8217;s first comprehensive monograph on drone law published in Polish and English.<\/p>\n\n\n\n<p><strong>dr hab. Marlena Sakowska &#8211; Bary\u0142a<\/strong>, prof. at the University of \u0141\u00f3d\u017a &#8211; professor at the Chair of European Constitutional Law at the Faculty of Law and Administration of the University of \u0141\u00f3d\u017a, attorney at law, partner at Sakowska-Bary\u0142a, Czapli\u0144ska Kancelaria Radc\u00f3w Prawnych Sp. p., vice-president of SBC Inspektor Sp. z o.o, editor-in-chief of \u2018ABI Expert\u2019, member of the Social Team of Experts to the President of the Office for Personal Data Protection, member of the Commission for New Technologies of the Regional Chamber of Legal Advisers in \u0141\u00f3d\u017a, head of postgraduate studies \u2018New technologies law &#8211; service for business and public sector\u2019 at the Faculty of Law of the University of \u0141\u00f3d\u017a. In 2022, she was included in the \u2018List of the 25 best lawyers in business\u2019 of Forbes Women magazine and the Women in Law Foundation. Included in the \u2018List of 100 People who have made a distinctive contribution to improving digital literacy of citizens in Poland in 2023\u2019. She specialises in information law. Academic editor and co-author of the commentary to RODO, UDIP and the Act on Open Data and Re-use of Public Sector Information. Author of more than 180 scientific and popularising publications. She teaches at several universities. Runs a YouTube channel popularising personal data protection, information law and new technologies.<\/p>\n\n\n\n<p><strong>Pawe\u0142 Szewczyk<\/strong> &#8211; attorney at law. He gained professional experience working in the Legislative Department, Legal Department and Office of the Director General of the Ministry of Finance and Office of the Director General of the Ministry of Development and Technology. From 2020 to 2021, he was the Coordinator of the Ethics Team at the Ministry of Finance and a member of the Team of Coordinators for Accessibility at the Ministry of Finance. Since 2018, he has served as an election official in the municipality of Radzan\u00f3w. Co-author of the publication \u2018The Church vis-\u00e0-vis the Administration. Sources of law with explanations and \u2018Lexicon of mysteries\u2019. Active drone user.<\/p>\n\n\n\n<p><strong>Aleksander Hory\u0144<\/strong> &#8211; law graduate of the University of Warsaw, graduate of the Contract Law study at the Harvard Law School and the Warsaw School of Economics (SGH), seminarian of Prof. Marcin Matczak, lawyer in the Doma\u0144ski Zakrzewski Palnika law firm specialising in medical law. One of the four co-authors of the report \u2018Medical data in a doctor&#8217;s work &#8211; current state and desirable changes\u2019 created for the Supreme Medical Chamber. Winner of the Scholarship of the Rector of the University of Warsaw and of the Commercial Law Olympiad of the Faculty of Law and Administration of the University of Warsaw, speaker at more than a dozen national scientific conferences, co-author of the peer-reviewed scientific monograph \u2018Law and system in conditions of instability\u2019. Member of the Supervisory Board of the Alexis de Tocqueville Foundation since 2022 and Secretary of the Board of the Independent Students&#8217; Union UKSW. Founder and first president of the UKSW New Technologies Law Academic Circle.<\/p>\n","protected":false},"excerpt":{"rendered":"<p>On 3 July 2019, the Minister of Science and Higher Education established the \u201cSocial Responsibility of&#8230;<\/p>\n","protected":false},"author":1,"featured_media":0,"parent":0,"menu_order":0,"comment_status":"closed","ping_status":"closed","template":"","meta":{"_acf_changed":false,"footnotes":""},"class_list":["post-72","page","type-page","status-publish","hentry"],"acf":[],"yoast_head":"<!-- This site is optimized with the Yoast SEO plugin v23.3 - https:\/\/yoast.com\/wordpress\/plugins\/seo\/ -->\n<title>About the project - Prawo nowych technologii - drony, elektromobilno\u015b\u0107.<\/title>\n<meta name=\"robots\" content=\"index, follow, max-snippet:-1, max-image-preview:large, max-video-preview:-1\" \/>\n<link rel=\"canonical\" href=\"https:\/\/prawodronow.pl\/en\/about-the-project\/\" \/>\n<meta property=\"og:locale\" content=\"en_US\" \/>\n<meta property=\"og:type\" content=\"article\" \/>\n<meta property=\"og:title\" content=\"About the project - Prawo nowych technologii - drony, elektromobilno\u015b\u0107.\" \/>\n<meta property=\"og:description\" content=\"On 3 July 2019, the Minister of Science and Higher Education established the \u201cSocial Responsibility of...\" \/>\n<meta property=\"og:url\" content=\"https:\/\/prawodronow.pl\/en\/about-the-project\/\" \/>\n<meta property=\"og:site_name\" content=\"Prawo nowych technologii - drony, elektromobilno\u015b\u0107.\" \/>\n<meta property=\"article:modified_time\" content=\"2024-09-30T19:39:06+00:00\" \/>\n<meta name=\"twitter:card\" content=\"summary_large_image\" \/>\n<meta name=\"twitter:label1\" content=\"Est. reading time\" \/>\n\t<meta name=\"twitter:data1\" content=\"5 minutes\" \/>\n<script type=\"application\/ld+json\" class=\"yoast-schema-graph\">{\"@context\":\"https:\/\/schema.org\",\"@graph\":[{\"@type\":\"WebPage\",\"@id\":\"https:\/\/prawodronow.pl\/en\/about-the-project\/\",\"url\":\"https:\/\/prawodronow.pl\/en\/about-the-project\/\",\"name\":\"About the project - Prawo nowych technologii - drony, elektromobilno\u015b\u0107.\",\"isPartOf\":{\"@id\":\"https:\/\/prawodronow.pl\/#website\"},\"datePublished\":\"2022-06-14T12:14:48+00:00\",\"dateModified\":\"2024-09-30T19:39:06+00:00\",\"breadcrumb\":{\"@id\":\"https:\/\/prawodronow.pl\/en\/about-the-project\/#breadcrumb\"},\"inLanguage\":\"en-US\",\"potentialAction\":[{\"@type\":\"ReadAction\",\"target\":[\"https:\/\/prawodronow.pl\/en\/about-the-project\/\"]}]},{\"@type\":\"BreadcrumbList\",\"@id\":\"https:\/\/prawodronow.pl\/en\/about-the-project\/#breadcrumb\",\"itemListElement\":[{\"@type\":\"ListItem\",\"position\":1,\"name\":\"Home\",\"item\":\"https:\/\/prawodronow.pl\/en\/\"},{\"@type\":\"ListItem\",\"position\":2,\"name\":\"About the project\"}]},{\"@type\":\"WebSite\",\"@id\":\"https:\/\/prawodronow.pl\/#website\",\"url\":\"https:\/\/prawodronow.pl\/\",\"name\":\"Prawo nowych technologii - drony, elektromobilno\u015b\u0107.\",\"description\":\"Innowacja, rozw\u00f3j, bezpiecze\u0144stwo.\",\"potentialAction\":[{\"@type\":\"SearchAction\",\"target\":{\"@type\":\"EntryPoint\",\"urlTemplate\":\"https:\/\/prawodronow.pl\/?s={search_term_string}\"},\"query-input\":\"required name=search_term_string\"}],\"inLanguage\":\"en-US\"}]}<\/script>\n<!-- \/ Yoast SEO plugin. -->","yoast_head_json":{"title":"About the project - Prawo nowych technologii - drony, elektromobilno\u015b\u0107.","robots":{"index":"index","follow":"follow","max-snippet":"max-snippet:-1","max-image-preview":"max-image-preview:large","max-video-preview":"max-video-preview:-1"},"canonical":"https:\/\/prawodronow.pl\/en\/about-the-project\/","og_locale":"en_US","og_type":"article","og_title":"About the project - Prawo nowych technologii - drony, elektromobilno\u015b\u0107.","og_description":"On 3 July 2019, the Minister of Science and Higher Education established the \u201cSocial Responsibility of...","og_url":"https:\/\/prawodronow.pl\/en\/about-the-project\/","og_site_name":"Prawo nowych technologii - drony, elektromobilno\u015b\u0107.","article_modified_time":"2024-09-30T19:39:06+00:00","twitter_card":"summary_large_image","twitter_misc":{"Est. reading time":"5 minutes"},"schema":{"@context":"https:\/\/schema.org","@graph":[{"@type":"WebPage","@id":"https:\/\/prawodronow.pl\/en\/about-the-project\/","url":"https:\/\/prawodronow.pl\/en\/about-the-project\/","name":"About the project - Prawo nowych technologii - drony, elektromobilno\u015b\u0107.","isPartOf":{"@id":"https:\/\/prawodronow.pl\/#website"},"datePublished":"2022-06-14T12:14:48+00:00","dateModified":"2024-09-30T19:39:06+00:00","breadcrumb":{"@id":"https:\/\/prawodronow.pl\/en\/about-the-project\/#breadcrumb"},"inLanguage":"en-US","potentialAction":[{"@type":"ReadAction","target":["https:\/\/prawodronow.pl\/en\/about-the-project\/"]}]},{"@type":"BreadcrumbList","@id":"https:\/\/prawodronow.pl\/en\/about-the-project\/#breadcrumb","itemListElement":[{"@type":"ListItem","position":1,"name":"Home","item":"https:\/\/prawodronow.pl\/en\/"},{"@type":"ListItem","position":2,"name":"About the project"}]},{"@type":"WebSite","@id":"https:\/\/prawodronow.pl\/#website","url":"https:\/\/prawodronow.pl\/","name":"Prawo nowych technologii - drony, elektromobilno\u015b\u0107.","description":"Innowacja, rozw\u00f3j, bezpiecze\u0144stwo.","potentialAction":[{"@type":"SearchAction","target":{"@type":"EntryPoint","urlTemplate":"https:\/\/prawodronow.pl\/?s={search_term_string}"},"query-input":"required name=search_term_string"}],"inLanguage":"en-US"}]}},"_links":{"self":[{"href":"https:\/\/prawodronow.pl\/en\/wp-json\/wp\/v2\/pages\/72","targetHints":{"allow":["GET"]}}],"collection":[{"href":"https:\/\/prawodronow.pl\/en\/wp-json\/wp\/v2\/pages"}],"about":[{"href":"https:\/\/prawodronow.pl\/en\/wp-json\/wp\/v2\/types\/page"}],"author":[{"embeddable":true,"href":"https:\/\/prawodronow.pl\/en\/wp-json\/wp\/v2\/users\/1"}],"replies":[{"embeddable":true,"href":"https:\/\/prawodronow.pl\/en\/wp-json\/wp\/v2\/comments?post=72"}],"version-history":[{"count":9,"href":"https:\/\/prawodronow.pl\/en\/wp-json\/wp\/v2\/pages\/72\/revisions"}],"predecessor-version":[{"id":1145,"href":"https:\/\/prawodronow.pl\/en\/wp-json\/wp\/v2\/pages\/72\/revisions\/1145"}],"wp:attachment":[{"href":"https:\/\/prawodronow.pl\/en\/wp-json\/wp\/v2\/media?parent=72"}],"curies":[{"name":"wp","href":"https:\/\/api.w.org\/{rel}","templated":true}]}}